{"id":74,"date":"2020-04-09T00:36:34","date_gmt":"2020-04-09T00:36:34","guid":{"rendered":"https:\/\/alcaldiaelrama.gob.ni\/?page_id=74"},"modified":"2021-03-09T17:58:22","modified_gmt":"2021-03-09T17:58:22","slug":"quienes-somos","status":"publish","type":"page","link":"https:\/\/alcaldiaelrama.gob.ni\/index.php\/quienes-somos\/","title":{"rendered":"Quienes Somos"},"content":{"rendered":"<h2 class=\"wp-block-heading\"><a>Misi\u00f3n<\/a><\/h2><p><strong>Somos un Gobierno Municipal con una administraci\u00f3n transparente, eficiente convenientemente bien organizada y productiva que garantiza la prestaci\u00f3n de los servicios y la realizaci\u00f3n de obras con calidad y calidez para el bienestar y seguridad de las personas, familia y comunidad.<\/strong><\/p><h2 class=\"wp-block-heading\"><a>Visi\u00f3n<\/a><\/h2><p><strong>Ser un municipio con un desarrollo econ\u00f3mico sostenible, social, justo y humano, con el protagonismo de la familia y comunidades en funci\u00f3n de ser un municipio atractivo y seguro con el fin de generar una cultura de trabajo productiva y sostenible, en armon\u00eda con el medio ambiente con el fin de reducir la pobreza y las desigualdades sociales.<\/strong><\/p><p><\/p><div class=\"wp-block-image is-style-rounded\"><figure class=\"aligncenter size-large is-resized\"><img fetchpriority=\"high\" decoding=\"async\" src=\"https:\/\/alcaldiaelrama.gob.ni\/wp-content\/uploads\/2021\/03\/Logo-alcaldia-.png\" alt=\"\" class=\"wp-image-249\" width=\"426\" height=\"387\" srcset=\"https:\/\/alcaldiaelrama.gob.ni\/wp-content\/uploads\/2021\/03\/Logo-alcaldia-.png 960w, https:\/\/alcaldiaelrama.gob.ni\/wp-content\/uploads\/2021\/03\/Logo-alcaldia--300x273.png 300w, https:\/\/alcaldiaelrama.gob.ni\/wp-content\/uploads\/2021\/03\/Logo-alcaldia--768x699.png 768w, https:\/\/alcaldiaelrama.gob.ni\/wp-content\/uploads\/2021\/03\/Logo-alcaldia--600x546.png 600w\" sizes=\"(max-width: 426px) 100vw, 426px\" \/><\/figure><\/div>","protected":false},"excerpt":{"rendered":"<p>Misi\u00f3n Somos un Gobierno Municipal con una administraci\u00f3n transparente, eficiente convenientemente bien organizada y productiva que garantiza la prestaci\u00f3n de los servicios y la realizaci\u00f3n de obras con calidad y calidez para el bienestar y seguridad de las personas, familia y comunidad. Visi\u00f3n Ser un municipio con un desarrollo econ\u00f3mico sostenible, social, justo y humano, [&hellip;]<\/p>\n","protected":false},"author":1,"featured_media":0,"parent":0,"menu_order":0,"comment_status":"closed","ping_status":"closed","template":"","meta":{"footnotes":""},"class_list":["post-74","page","type-page","status-publish","hentry","post"],"_links":{"self":[{"href":"https:\/\/alcaldiaelrama.gob.ni\/index.php\/wp-json\/wp\/v2\/pages\/74","targetHints":{"allow":["GET"]}}],"collection":[{"href":"https:\/\/alcaldiaelrama.gob.ni\/index.php\/wp-json\/wp\/v2\/pages"}],"about":[{"href":"https:\/\/alcaldiaelrama.gob.ni\/index.php\/wp-json\/wp\/v2\/types\/page"}],"author":[{"embeddable":true,"href":"https:\/\/alcaldiaelrama.gob.ni\/index.php\/wp-json\/wp\/v2\/users\/1"}],"replies":[{"embeddable":true,"href":"https:\/\/alcaldiaelrama.gob.ni\/index.php\/wp-json\/wp\/v2\/comments?post=74"}],"version-history":[{"count":3,"href":"https:\/\/alcaldiaelrama.gob.ni\/index.php\/wp-json\/wp\/v2\/pages\/74\/revisions"}],"predecessor-version":[{"id":252,"href":"https:\/\/alcaldiaelrama.gob.ni\/index.php\/wp-json\/wp\/v2\/pages\/74\/revisions\/252"}],"wp:attachment":[{"href":"https:\/\/alcaldiaelrama.gob.ni\/index.php\/wp-json\/wp\/v2\/media?parent=74"}],"curies":[{"name":"wp","href":"https:\/\/api.w.org\/{rel}","templated":true}]}}